{"id":7790,"date":"2017-12-18T14:11:50","date_gmt":"2017-12-18T14:11:50","guid":{"rendered":"https:\/\/oral.fi\/information\/asiakkuus-en\/oral-gift-card\/"},"modified":"2022-01-20T15:54:35","modified_gmt":"2022-01-20T13:54:35","slug":"oral-gift-card","status":"publish","type":"page","link":"https:\/\/www.oral.fi\/en\/information\/information-for-customers\/oral-gift-card\/","title":{"rendered":"Oral Hammasl\u00e4\u00e4k\u00e4rit gift card"},"content":{"rendered":"<p>With the Oral Hammasl\u00e4\u00e4k\u00e4rit gift card, you can provide your loved ones with\u00a0teeth whitening, a dental examination or perhaps a tooth jewel attachment.<\/p>\n<p>Provide your loved ones with oral health care and beauty and receive Bonus with S-Etukortti card yourself by purchasing a gift card!<\/p>\n<p>You can purchase and set the value of the gift card at your nearest <a href=\"https:\/\/www.oral.fi\/en\/locations\/\">location<\/a>.<\/p>\n","protected":false},"excerpt":{"rendered":"<p>With the Oral Hammasl\u00e4\u00e4k\u00e4rit gift card, you can provide your loved ones with\u00a0teeth whitening, a dental examination or perhaps a tooth jewel attachment. Provide your loved ones with oral health care and beauty and receive Bonus with S-Etukortti card yourself by purchasing a gift card! You can purchase and set the value of the gift &hellip; <a href=\"https:\/\/www.oral.fi\/en\/information\/information-for-customers\/oral-gift-card\/\">Continued<\/a><\/p>\n","protected":false},"author":25,"featured_media":240822,"parent":5301,"menu_order":-90,"comment_status":"closed","ping_status":"closed","template":"","meta":{"_acf_changed":false,"footnotes":""},"class_list":["post-7790","page","type-page","status-publish","has-post-thumbnail","hentry"],"acf":[],"_links":{"self":[{"href":"https:\/\/www.oral.fi\/en\/wp-json\/wp\/v2\/pages\/7790","targetHints":{"allow":["GET"]}}],"collection":[{"href":"https:\/\/www.oral.fi\/en\/wp-json\/wp\/v2\/pages"}],"about":[{"href":"https:\/\/www.oral.fi\/en\/wp-json\/wp\/v2\/types\/page"}],"author":[{"embeddable":true,"href":"https:\/\/www.oral.fi\/en\/wp-json\/wp\/v2\/users\/25"}],"replies":[{"embeddable":true,"href":"https:\/\/www.oral.fi\/en\/wp-json\/wp\/v2\/comments?post=7790"}],"version-history":[{"count":5,"href":"https:\/\/www.oral.fi\/en\/wp-json\/wp\/v2\/pages\/7790\/revisions"}],"predecessor-version":[{"id":230949,"href":"https:\/\/www.oral.fi\/en\/wp-json\/wp\/v2\/pages\/7790\/revisions\/230949"}],"up":[{"embeddable":true,"href":"https:\/\/www.oral.fi\/en\/wp-json\/wp\/v2\/pages\/5301"}],"wp:featuredmedia":[{"embeddable":true,"href":"https:\/\/www.oral.fi\/en\/wp-json\/wp\/v2\/media\/240822"}],"wp:attachment":[{"href":"https:\/\/www.oral.fi\/en\/wp-json\/wp\/v2\/media?parent=7790"}],"curies":[{"name":"wp","href":"https:\/\/api.w.org\/{rel}","templated":true}]}}