{"id":9968,"date":"2017-12-22T13:33:33","date_gmt":"2017-12-22T13:33:33","guid":{"rendered":"http:\/\/www.oral.fi\/information\/oral-yrityksena-en\/about-oral\/"},"modified":"2025-10-31T09:16:34","modified_gmt":"2025-10-31T07:16:34","slug":"about-oral","status":"publish","type":"page","link":"https:\/\/www.oral.fi\/en\/information\/oral-company\/about-oral\/","title":{"rendered":"About Oral Hammasl\u00e4\u00e4k\u00e4rit"},"content":{"rendered":"<h2><strong>High-quality and comprehensive dental care<\/strong><\/h2>\n<p>Oral Hammasl\u00e4\u00e4k\u00e4rit is the best-known and most valued dental health service company in Finland. We want to offer you the best possible treatment. That is why all the oral health care services are easily and readily available at the same place:<\/p>\n<ul>\n<li><strong>General dental care<\/strong><\/li>\n<li><strong>Specialised dental care<\/strong><\/li>\n<li><strong>Dental hygienist services<\/strong><\/li>\n<li><strong>Oral dental laboratories\u2019 services and products<\/strong><\/li>\n<\/ul>\n<p>You will always be treated gently and individually by our highly skilled professionals with the latest technology. Diagnoses are always based on clinical examinations, supported by high-quality X-ray imaging.<\/p>\n<h2 style=\"letter-spacing: normal;\"><img loading=\"lazy\" decoding=\"async\" class=\"alignnone wp-image-240958 size-full\" src=\"https:\/\/www.oral.fi\/app\/uploads\/2025\/10\/Infopallurat_10_2025-EN.jpg\" alt=\"\" width=\"600\" height=\"150\" srcset=\"https:\/\/www.oral.fi\/app\/uploads\/2025\/10\/Infopallurat_10_2025-EN.jpg 600w, https:\/\/www.oral.fi\/app\/uploads\/2025\/10\/Infopallurat_10_2025-EN-300x75.jpg 300w, https:\/\/www.oral.fi\/app\/uploads\/2025\/10\/Infopallurat_10_2025-EN-585x146.jpg 585w, https:\/\/www.oral.fi\/app\/uploads\/2025\/10\/Infopallurat_10_2025-EN-470x118.jpg 470w\" sizes=\"auto, (max-width: 600px) 100vw, 600px\" \/><\/h2>\n<p>\u00a0<\/p>\n<h2><strong>Oral is part of Colosseum Dental Group<\/strong><\/h2>\n<p>Our majority owner is Jacobs Holding AG, part of Jacobs Capital \u2013 a global investment firm based in Zurich, Switzerland, and London, UK.\u00a0The Jacobs family has long been committed to initiatives that improve people\u2019s lives. Building on this legacy, Jacobs Capital invests in companies that make a real difference for the communities they serve.<\/p>\n<p>We share this passion for improving health and wellbeing. Together with our owners, we are focused on providing the highest-quality dental care, supporting our teams, and creating positive experiences for every patient who walks through our doors.<br \/>\nRead more about <a href=\"http:\/\/www.colosseumdental.com\/\">Colosseum Dental Group<\/a>.<\/p>\n","protected":false},"excerpt":{"rendered":"<p>High-quality and comprehensive dental care Oral Hammasl\u00e4\u00e4k\u00e4rit is the best-known and most valued dental health service company in Finland. We want to offer you the best possible treatment. That is why all the oral health care services are easily and readily available at the same place: General dental care Specialised dental care Dental hygienist services &hellip; <a href=\"https:\/\/www.oral.fi\/en\/information\/oral-company\/about-oral\/\">Continued<\/a><\/p>\n","protected":false},"author":25,"featured_media":233224,"parent":5303,"menu_order":-60,"comment_status":"closed","ping_status":"closed","template":"","meta":{"_acf_changed":false,"footnotes":""},"class_list":["post-9968","page","type-page","status-publish","has-post-thumbnail","hentry"],"acf":[],"_links":{"self":[{"href":"https:\/\/www.oral.fi\/en\/wp-json\/wp\/v2\/pages\/9968","targetHints":{"allow":["GET"]}}],"collection":[{"href":"https:\/\/www.oral.fi\/en\/wp-json\/wp\/v2\/pages"}],"about":[{"href":"https:\/\/www.oral.fi\/en\/wp-json\/wp\/v2\/types\/page"}],"author":[{"embeddable":true,"href":"https:\/\/www.oral.fi\/en\/wp-json\/wp\/v2\/users\/25"}],"replies":[{"embeddable":true,"href":"https:\/\/www.oral.fi\/en\/wp-json\/wp\/v2\/comments?post=9968"}],"version-history":[{"count":24,"href":"https:\/\/www.oral.fi\/en\/wp-json\/wp\/v2\/pages\/9968\/revisions"}],"predecessor-version":[{"id":240961,"href":"https:\/\/www.oral.fi\/en\/wp-json\/wp\/v2\/pages\/9968\/revisions\/240961"}],"up":[{"embeddable":true,"href":"https:\/\/www.oral.fi\/en\/wp-json\/wp\/v2\/pages\/5303"}],"wp:featuredmedia":[{"embeddable":true,"href":"https:\/\/www.oral.fi\/en\/wp-json\/wp\/v2\/media\/233224"}],"wp:attachment":[{"href":"https:\/\/www.oral.fi\/en\/wp-json\/wp\/v2\/media?parent=9968"}],"curies":[{"name":"wp","href":"https:\/\/api.w.org\/{rel}","templated":true}]}}