{"id":219317,"date":"2019-04-05T13:50:36","date_gmt":"2019-04-05T10:50:36","guid":{"rendered":"https:\/\/www.oral.fi\/sjogrenforbundets-medlemsformaner\/"},"modified":"2023-02-02T12:09:59","modified_gmt":"2023-02-02T10:09:59","slug":"sjogrenforbundets-medlemsformaner","status":"publish","type":"page","link":"https:\/\/www.oral.fi\/sv\/sjogrenforbundets-medlemsformaner\/","title":{"rendered":"Sj\u00f6grenf\u00f6rbundets medlemsf\u00f6rm\u00e5ner"},"content":{"rendered":"","protected":false},"excerpt":{"rendered":"","protected":false},"author":25,"featured_media":237885,"parent":0,"menu_order":0,"comment_status":"closed","ping_status":"closed","template":"","meta":{"_acf_changed":false,"footnotes":""},"class_list":["post-219317","page","type-page","status-publish","has-post-thumbnail","hentry"],"acf":[],"_links":{"self":[{"href":"https:\/\/www.oral.fi\/sv\/wp-json\/wp\/v2\/pages\/219317","targetHints":{"allow":["GET"]}}],"collection":[{"href":"https:\/\/www.oral.fi\/sv\/wp-json\/wp\/v2\/pages"}],"about":[{"href":"https:\/\/www.oral.fi\/sv\/wp-json\/wp\/v2\/types\/page"}],"author":[{"embeddable":true,"href":"https:\/\/www.oral.fi\/sv\/wp-json\/wp\/v2\/users\/25"}],"replies":[{"embeddable":true,"href":"https:\/\/www.oral.fi\/sv\/wp-json\/wp\/v2\/comments?post=219317"}],"version-history":[{"count":3,"href":"https:\/\/www.oral.fi\/sv\/wp-json\/wp\/v2\/pages\/219317\/revisions"}],"predecessor-version":[{"id":234070,"href":"https:\/\/www.oral.fi\/sv\/wp-json\/wp\/v2\/pages\/219317\/revisions\/234070"}],"wp:featuredmedia":[{"embeddable":true,"href":"https:\/\/www.oral.fi\/sv\/wp-json\/wp\/v2\/media\/237885"}],"wp:attachment":[{"href":"https:\/\/www.oral.fi\/sv\/wp-json\/wp\/v2\/media?parent=219317"}],"curies":[{"name":"wp","href":"https:\/\/api.w.org\/{rel}","templated":true}]}}