{"id":231214,"date":"2022-02-17T10:38:13","date_gmt":"2022-02-17T08:38:13","guid":{"rendered":"https:\/\/www.oral.fi\/?page_id=231214"},"modified":"2022-02-17T11:58:18","modified_gmt":"2022-02-17T09:58:18","slug":"tack-for-din-respons","status":"publish","type":"page","link":"https:\/\/www.oral.fi\/sv\/tack-for-din-respons\/","title":{"rendered":"Tack f\u00f6r din respons!"},"content":{"rendered":"<p id=\"tw-target-text\" class=\"tw-data-text tw-text-large tw-ta\" dir=\"ltr\" data-placeholder=\"K\u00e4\u00e4nn\u00f6s\"><span class=\"Y2IQFc\" lang=\"sv\">Tack f\u00f6r att du hj\u00e4lper oss att f\u00f6rb\u00e4ttra v\u00e5ra tj\u00e4nster! <\/span><\/p>\n<p class=\"tw-data-text tw-text-large tw-ta\" dir=\"ltr\" data-placeholder=\"K\u00e4\u00e4nn\u00f6s\"><span class=\"Y2IQFc\" lang=\"sv\">Om du har l\u00e4mnat dina kontaktuppgifter och beg\u00e4rt att bli kontaktad kommer vi att kontakta dig s\u00e5 snart som m\u00f6jligt, dock senast inom fem arbetsdagar.<\/span><\/p>\n","protected":false},"excerpt":{"rendered":"<p>Tack f\u00f6r att du hj\u00e4lper oss att f\u00f6rb\u00e4ttra v\u00e5ra tj\u00e4nster! Om du har l\u00e4mnat dina kontaktuppgifter och beg\u00e4rt att bli kontaktad kommer vi att kontakta dig s\u00e5 snart som m\u00f6jligt, dock senast inom fem arbetsdagar.<\/p>\n","protected":false},"author":25,"featured_media":228531,"parent":0,"menu_order":0,"comment_status":"closed","ping_status":"closed","template":"","meta":{"_acf_changed":false,"footnotes":""},"class_list":["post-231214","page","type-page","status-publish","has-post-thumbnail","hentry"],"acf":[],"_links":{"self":[{"href":"https:\/\/www.oral.fi\/sv\/wp-json\/wp\/v2\/pages\/231214","targetHints":{"allow":["GET"]}}],"collection":[{"href":"https:\/\/www.oral.fi\/sv\/wp-json\/wp\/v2\/pages"}],"about":[{"href":"https:\/\/www.oral.fi\/sv\/wp-json\/wp\/v2\/types\/page"}],"author":[{"embeddable":true,"href":"https:\/\/www.oral.fi\/sv\/wp-json\/wp\/v2\/users\/25"}],"replies":[{"embeddable":true,"href":"https:\/\/www.oral.fi\/sv\/wp-json\/wp\/v2\/comments?post=231214"}],"version-history":[{"count":3,"href":"https:\/\/www.oral.fi\/sv\/wp-json\/wp\/v2\/pages\/231214\/revisions"}],"predecessor-version":[{"id":231217,"href":"https:\/\/www.oral.fi\/sv\/wp-json\/wp\/v2\/pages\/231214\/revisions\/231217"}],"wp:featuredmedia":[{"embeddable":true,"href":"https:\/\/www.oral.fi\/sv\/wp-json\/wp\/v2\/media\/228531"}],"wp:attachment":[{"href":"https:\/\/www.oral.fi\/sv\/wp-json\/wp\/v2\/media?parent=231214"}],"curies":[{"name":"wp","href":"https:\/\/api.w.org\/{rel}","templated":true}]}}