{"id":234805,"date":"2023-05-03T13:40:17","date_gmt":"2023-05-03T10:40:17","guid":{"rendered":"https:\/\/www.oral.fi\/?page_id=234805"},"modified":"2024-08-20T16:29:14","modified_gmt":"2024-08-20T13:29:14","slug":"servicesedel","status":"publish","type":"page","link":"https:\/\/www.oral.fi\/sv\/information\/information-for-kunder\/servicesedel\/","title":{"rendered":"Tandv\u00e5rd med servicesedel"},"content":{"rendered":"<p>Du kan f\u00e5 v\u00e5rd hos Oral Hammasl\u00e4\u00e4k\u00e4rit \u00e4ven med en servicesedel som beviljats av ditt v\u00e4lf\u00e4rdsomr\u00e5de. Du kan endast boka tid till en del av v\u00e5ra enheter med servicesedel, och antalet tider \u00e4r begr\u00e4nsat.<\/p>\n<p>OBS! Vi tar inte emot Kokonaishoidon palveluseteli (KOHO) servicesedeln beviljat av Helsingfors social- och h\u00e4lsov\u00e5rdssektorn.<\/p>\n<h2><strong>Tidsbest\u00e4llning med servicesedel<\/strong><\/h2>\n<p>N\u00e4r du har en servicesedel kan du boka tid till Orals enheter endast per telefon genom att <strong>ringa v\u00e5r kundtj\u00e4nst p\u00e5 nummer\u00a0<\/strong><a href=\"tel:0104003400\"><strong>010 400 3400<\/strong><\/a><strong>\u00a0<\/strong>(m\u00e5n.\u2013fre. kl. 8\u201317). Ber\u00e4tta direkt i b\u00f6rjan av samtalet att du har en servicesedel.<\/p>\n<p>Som servicesedelkund kan du inte boka tid via v\u00e5r webbplats.<\/p>\n<p>F\u00f6r att boka en tid \u00e5t dig beh\u00f6ver vi f\u00f6ljande uppgifter<\/p>\n<ul>\n<li>vem som har beviljat servicesedeln (v\u00e4lf\u00e4rdsomr\u00e5de)<\/li>\n<li>tj\u00e4nster som servicesedeln utf\u00e4rdats f\u00f6r<\/li>\n<li>servicebeslutets ID<\/li>\n<li>servicesedelns giltighetstid<\/li>\n<\/ul>\n<p>N\u00e4r du kommer till mottagningen ska du komma ih\u00e5g att ta med dig servicesedeln och eventuella andra patientuppgifter som du f\u00e5tt f\u00f6r bes\u00f6ket (t.ex. r\u00f6ntgenbilder).<\/p>\n<h2><strong>Ombokning eller avbokning av en servicesedeltid<\/strong><\/h2>\n<p>Om du beh\u00f6ver avboka eller boka om din tid ska du g\u00f6ra det senast kl. 12.00 f\u00f6reg\u00e5ende dag. Senare avbokningar eller uteblivna bes\u00f6k debiteras enligt den bokade tiden.<\/p>\n<p>En tid som bokats med servicesedel kan inte bokas om p\u00e5 v\u00e5r webbplats, utan du m\u00e5ste g\u00f6ra det genom att ringa v\u00e5r kundtj\u00e4nst p\u00e5 nummer\u00a0<a href=\"tel:0104003400\"><strong>010 400 3400<\/strong><\/a> (m\u00e5n.\u2013fre. kl. 8\u201317). Du kan avboka din tid i tj\u00e4nsten <a href=\"https:\/\/www.oral.fi\/omaoral\/\">MinOral<\/a>.<\/p>\n<h2><strong>Vad \u00e4r en servicesedel?\u00a0<\/strong><\/h2>\n<p>En servicesedel \u00e4r en betalningsf\u00f6rbindelse som ett v\u00e4lf\u00e4rdsomr\u00e5de beviljar f\u00f6r k\u00f6p av social- och h\u00e4lsov\u00e5rdstj\u00e4nster. V\u00e4lf\u00e4rdsomr\u00e5dena fastst\u00e4ller servicesedelns inneh\u00e5ll och v\u00e4rde.<\/p>\n<p>Med en servicesedel har du m\u00f6jlighet att v\u00e4lja den av v\u00e4lf\u00e4rdsomr\u00e5dets privata serviceproducenter som godk\u00e4nts f\u00f6r servicesedelsystemet som passar dig b\u00e4st. Servicesedeln \u00e4r personlig, och av den framg\u00e5r bland annat vilka tj\u00e4nster sedeln har beviljats f\u00f6r, servicebeslutets ID, servicesedelns v\u00e4rde och dess giltighetstid.<\/p>\n<p>Du kan endast boka tid till en del av v\u00e5ra enheter med servicesedel, och antalet tider \u00e4r begr\u00e4nsat.<\/p>\n<p><em>Samtal till 010-telefonnummer kostar den vanliga mobilavgiften eller den lokala n\u00e4tavgiften f\u00f6r finska fasta och mobila anslutningar.<\/em><\/p>\n<p>\u00a0<\/p>\n","protected":false},"excerpt":{"rendered":"<p>Du kan f\u00e5 v\u00e5rd hos Oral Hammasl\u00e4\u00e4k\u00e4rit \u00e4ven med en servicesedel som beviljats av ditt v\u00e4lf\u00e4rdsomr\u00e5de. Du kan endast boka tid till en del av v\u00e5ra enheter med servicesedel, och antalet tider \u00e4r begr\u00e4nsat. OBS! Vi tar inte emot Kokonaishoidon palveluseteli (KOHO) servicesedeln beviljat av Helsingfors social- och h\u00e4lsov\u00e5rdssektorn. Tidsbest\u00e4llning med servicesedel N\u00e4r du har &hellip; <a href=\"https:\/\/www.oral.fi\/sv\/information\/information-for-kunder\/servicesedel\/\">Continued<\/a><\/p>\n","protected":false},"author":25,"featured_media":230912,"parent":6873,"menu_order":-13,"comment_status":"closed","ping_status":"closed","template":"","meta":{"_acf_changed":false,"footnotes":""},"class_list":["post-234805","page","type-page","status-publish","has-post-thumbnail","hentry"],"acf":[],"_links":{"self":[{"href":"https:\/\/www.oral.fi\/sv\/wp-json\/wp\/v2\/pages\/234805","targetHints":{"allow":["GET"]}}],"collection":[{"href":"https:\/\/www.oral.fi\/sv\/wp-json\/wp\/v2\/pages"}],"about":[{"href":"https:\/\/www.oral.fi\/sv\/wp-json\/wp\/v2\/types\/page"}],"author":[{"embeddable":true,"href":"https:\/\/www.oral.fi\/sv\/wp-json\/wp\/v2\/users\/25"}],"replies":[{"embeddable":true,"href":"https:\/\/www.oral.fi\/sv\/wp-json\/wp\/v2\/comments?post=234805"}],"version-history":[{"count":9,"href":"https:\/\/www.oral.fi\/sv\/wp-json\/wp\/v2\/pages\/234805\/revisions"}],"predecessor-version":[{"id":237452,"href":"https:\/\/www.oral.fi\/sv\/wp-json\/wp\/v2\/pages\/234805\/revisions\/237452"}],"up":[{"embeddable":true,"href":"https:\/\/www.oral.fi\/sv\/wp-json\/wp\/v2\/pages\/6873"}],"wp:featuredmedia":[{"embeddable":true,"href":"https:\/\/www.oral.fi\/sv\/wp-json\/wp\/v2\/media\/230912"}],"wp:attachment":[{"href":"https:\/\/www.oral.fi\/sv\/wp-json\/wp\/v2\/media?parent=234805"}],"curies":[{"name":"wp","href":"https:\/\/api.w.org\/{rel}","templated":true}]}}