{"id":5247,"date":"2017-11-20T11:35:29","date_gmt":"2017-11-20T11:35:29","guid":{"rendered":"https:\/\/oral.fi\/?page_id=5247\/"},"modified":"2026-01-12T14:44:15","modified_gmt":"2026-01-12T12:44:15","slug":"prices-sv","status":"publish","type":"page","link":"https:\/\/www.oral.fi\/sv\/information\/information-for-kunder\/prices-sv\/","title":{"rendered":"Prislista"},"content":{"rendered":"<p>H\u00e4r \u00e4r n\u00e5gra exempel p\u00e5 v\u00e5ra priser och prisniv\u00e5n. Priset p\u00e5verkas av behandlingens omfattning och l\u00e4ngd.<\/p>\n<p class=\"tw-data-text tw-text-large tw-ta\" dir=\"ltr\" data-placeholder=\"K\u00e4\u00e4nn\u00f6s\">Hos oss f\u00e5r du ocks\u00e5 <a href=\"https:\/\/www.oral.fi\/sv\/information\/information-for-kunder\/bonus-pa-tandvard-med-s-formanskortet\/\">Bonus med S-F\u00f6rm\u00e5nskortet<\/a>.<\/p>\n<p dir=\"ltr\" data-placeholder=\"K\u00e4\u00e4nn\u00f6s\">Specialtandl\u00e4kare debiterar ett pristill\u00e4gg p\u00e5 30 % f\u00f6r \u00e5tg\u00e4rder inom sitt eget specialomr\u00e5de.<br \/>\nP\u00e5 l\u00f6rdagar debiterar vi ett pristill\u00e4gg p\u00e5 16 %, g\u00e4ller inte munhygienisternas tj\u00e4nster.<\/p>\n<p dir=\"ltr\" data-placeholder=\"K\u00e4\u00e4nn\u00f6s\">V\u00e5r klinikavgift \u00e4r 33,90 \u20ac f\u00f6r bes\u00f6k. <span class=\"Y2IQFc\" lang=\"sv\">Priserna nedan inkluderar inte klinikavgiften.<\/span><\/p>\n","protected":false},"excerpt":{"rendered":"<p>H\u00e4r \u00e4r n\u00e5gra exempel p\u00e5 v\u00e5ra priser och prisniv\u00e5n. Priset p\u00e5verkas av behandlingens omfattning och l\u00e4ngd. Hos oss f\u00e5r du ocks\u00e5 Bonus med S-F\u00f6rm\u00e5nskortet. Specialtandl\u00e4kare debiterar ett pristill\u00e4gg p\u00e5 30 % f\u00f6r \u00e5tg\u00e4rder inom sitt eget specialomr\u00e5de. P\u00e5 l\u00f6rdagar debiterar vi ett pristill\u00e4gg p\u00e5 16 %, g\u00e4ller inte munhygienisternas tj\u00e4nster. V\u00e5r klinikavgift \u00e4r 33,90 \u20ac &hellip; <a href=\"https:\/\/www.oral.fi\/sv\/information\/information-for-kunder\/prices-sv\/\">Continued<\/a><\/p>\n","protected":false},"author":1,"featured_media":230884,"parent":6873,"menu_order":-150,"comment_status":"closed","ping_status":"closed","template":"template-pricelist.blade.php","meta":{"_acf_changed":false,"footnotes":""},"class_list":["post-5247","page","type-page","status-publish","has-post-thumbnail","hentry"],"acf":[],"_links":{"self":[{"href":"https:\/\/www.oral.fi\/sv\/wp-json\/wp\/v2\/pages\/5247","targetHints":{"allow":["GET"]}}],"collection":[{"href":"https:\/\/www.oral.fi\/sv\/wp-json\/wp\/v2\/pages"}],"about":[{"href":"https:\/\/www.oral.fi\/sv\/wp-json\/wp\/v2\/types\/page"}],"author":[{"embeddable":true,"href":"https:\/\/www.oral.fi\/sv\/wp-json\/wp\/v2\/users\/1"}],"replies":[{"embeddable":true,"href":"https:\/\/www.oral.fi\/sv\/wp-json\/wp\/v2\/comments?post=5247"}],"version-history":[{"count":48,"href":"https:\/\/www.oral.fi\/sv\/wp-json\/wp\/v2\/pages\/5247\/revisions"}],"predecessor-version":[{"id":241691,"href":"https:\/\/www.oral.fi\/sv\/wp-json\/wp\/v2\/pages\/5247\/revisions\/241691"}],"up":[{"embeddable":true,"href":"https:\/\/www.oral.fi\/sv\/wp-json\/wp\/v2\/pages\/6873"}],"wp:featuredmedia":[{"embeddable":true,"href":"https:\/\/www.oral.fi\/sv\/wp-json\/wp\/v2\/media\/230884"}],"wp:attachment":[{"href":"https:\/\/www.oral.fi\/sv\/wp-json\/wp\/v2\/media?parent=5247"}],"curies":[{"name":"wp","href":"https:\/\/api.w.org\/{rel}","templated":true}]}}