{"id":7024,"date":"2017-12-14T11:43:26","date_gmt":"2017-12-14T11:43:26","guid":{"rendered":"http:\/\/oral.fi\/?page_id=7024\/"},"modified":"2025-12-04T12:37:06","modified_gmt":"2025-12-04T10:37:06","slug":"feedback","status":"publish","type":"page","link":"https:\/\/www.oral.fi\/sv\/information\/information-for-kunder\/feedback\/","title":{"rendered":"Ge oss respons"},"content":{"rendered":"<p>Vi vill ger dig s\u00e5 god betj\u00e4ning som m\u00f6jligt och utveckla v\u00e5r verksamhet. D\u00e4rf\u00f6r \u00e4r det viktigt f\u00f6r oss att veta hur vi har lyckats.<\/p>\n<p>Med responsblanketten kan du ge ris och ros och komma med f\u00f6rb\u00e4ttringsf\u00f6rslag. L\u00e4mna dina kontaktuppgifter om du vill ha ett svar p\u00e5 din respons.<\/p>\n<p><a class=\"mdc-button mdc-button--blue mdc-button--large cta-button\" href=\"https:\/\/forms.oral.fi\/oralfi-anfup\/pages\/rezglmeeeuoeganotpipg.html?PageId=1a33e1478459eb11a812000d3ada483e\" data-mdc-auto-init=\"ripple\">Responsblanketten<\/a><\/p>\n","protected":false},"excerpt":{"rendered":"<p>Vi vill ger dig s\u00e5 god betj\u00e4ning som m\u00f6jligt och utveckla v\u00e5r verksamhet. D\u00e4rf\u00f6r \u00e4r det viktigt f\u00f6r oss att veta hur vi har lyckats. Med responsblanketten kan du ge ris och ros och komma med f\u00f6rb\u00e4ttringsf\u00f6rslag. L\u00e4mna dina kontaktuppgifter om du vill ha ett svar p\u00e5 din respons. Responsblanketten<\/p>\n","protected":false},"author":25,"featured_media":226709,"parent":6873,"menu_order":-125,"comment_status":"closed","ping_status":"closed","template":"template-page-feedback.blade.php","meta":{"_acf_changed":false,"footnotes":""},"class_list":["post-7024","page","type-page","status-publish","has-post-thumbnail","hentry"],"acf":[],"_links":{"self":[{"href":"https:\/\/www.oral.fi\/sv\/wp-json\/wp\/v2\/pages\/7024","targetHints":{"allow":["GET"]}}],"collection":[{"href":"https:\/\/www.oral.fi\/sv\/wp-json\/wp\/v2\/pages"}],"about":[{"href":"https:\/\/www.oral.fi\/sv\/wp-json\/wp\/v2\/types\/page"}],"author":[{"embeddable":true,"href":"https:\/\/www.oral.fi\/sv\/wp-json\/wp\/v2\/users\/25"}],"replies":[{"embeddable":true,"href":"https:\/\/www.oral.fi\/sv\/wp-json\/wp\/v2\/comments?post=7024"}],"version-history":[{"count":34,"href":"https:\/\/www.oral.fi\/sv\/wp-json\/wp\/v2\/pages\/7024\/revisions"}],"predecessor-version":[{"id":230972,"href":"https:\/\/www.oral.fi\/sv\/wp-json\/wp\/v2\/pages\/7024\/revisions\/230972"}],"up":[{"embeddable":true,"href":"https:\/\/www.oral.fi\/sv\/wp-json\/wp\/v2\/pages\/6873"}],"wp:featuredmedia":[{"embeddable":true,"href":"https:\/\/www.oral.fi\/sv\/wp-json\/wp\/v2\/media\/226709"}],"wp:attachment":[{"href":"https:\/\/www.oral.fi\/sv\/wp-json\/wp\/v2\/media?parent=7024"}],"curies":[{"name":"wp","href":"https:\/\/api.w.org\/{rel}","templated":true}]}}