{"id":7784,"date":"2017-12-18T14:11:35","date_gmt":"2017-12-18T14:11:35","guid":{"rendered":"https:\/\/oral.fi\/information\/information-for-kunder\/bonus-pa-tandvard-med-s-formanskortet\/"},"modified":"2025-11-24T13:13:30","modified_gmt":"2025-11-24T11:13:30","slug":"bonus-pa-tandvard-med-s-formanskortet","status":"publish","type":"page","link":"https:\/\/www.oral.fi\/sv\/information\/information-for-kunder\/bonus-pa-tandvard-med-s-formanskortet\/","title":{"rendered":"Bonus p\u00e5 tandv\u00e5rd med S-F\u00f6rm\u00e5nskortet"},"content":{"rendered":"<p>Som kund\u00e4gare i S-gruppen f\u00e5r du bonus ocks\u00e5 p\u00e5 Oral Hammasl\u00e4\u00e4k\u00e4rits tj\u00e4nster och hemv\u00e5rdsprodukter n\u00e4r du betalar f\u00f6r dem i samband med ditt bes\u00f6k p\u00e5 v\u00e5ra enheter.<br \/>\nL\u00e4s nedan n\u00e4r du f\u00e5r Bonus, n\u00e4r Bonus inte betalas och n\u00e4r du m\u00e5ste ha ditt fysiska S-F\u00f6rm\u00e5nskort med dig f\u00f6r att tj\u00e4na Bonus f\u00f6r dina bes\u00f6k hos Oral.<\/p>\n<h2>Bonusen betalas f\u00f6r ink\u00f6p gjorda av hush\u00e5ll<\/h2>\n<ul>\n<li>Du f\u00e5r Bonus p\u00e5 alla Orals tj\u00e4nster och hemv\u00e5rdsprodukter n\u00e4r du betalar genast i samband med ditt bes\u00f6k p\u00e5 v\u00e5r enhet och uppvisar ditt personliga S-F\u00f6rm\u00e5nskort vid kassan. Du f\u00e5r Bonus p\u00e5 betalningar gjorda kontant, med bank- och kreditkort samt med Oral-finansiering.<\/li>\n<li>N\u00e4r du k\u00f6per ett Oral-presentkort i en av v\u00e5ra enheter f\u00e5r du ocks\u00e5 Bonus med ditt S-F\u00f6rm\u00e5nskort (n\u00e4r du betalar med Oral-presentkort f\u00e5r du s\u00e5ledes inte Bonus).<\/li>\n<li>Bonus betalas ocks\u00e5 f\u00f6r arbetsgivarens, f\u00f6retagets, sjukf\u00f6rs\u00e4kringskassans, f\u00f6rs\u00e4kringskassans eller servicesedelns sj\u00e4lvriskandel om du betalar sj\u00e4lvrisken omedelbart vid bes\u00f6ket och uppvisar S-F\u00f6rm\u00e5nskortet i samband med betalningen.<\/li>\n<\/ul>\n<h2>Du f\u00e5r inte Bonus f\u00f6r f\u00f6ljande ink\u00f6p<\/h2>\n<ul>\n<li><span class=\"Y2IQFc\" lang=\"sv\">Bonus betalas inte f\u00f6r ink\u00f6p gjorda med Epassi, Edenred eller Smartum personalf\u00f6rm\u00e5ner. Om du betalar en del av k\u00f6pet sj\u00e4lv, betalas bonus f\u00f6r sj\u00e4lvriskandel n\u00e4r du uppvisart S-F\u00f6rm\u00e5nskortet i samband med betalningen.<\/span><\/li>\n<li>Tj\u00e4nster och produkter som betalas med faktura.<\/li>\n<li>Ink\u00f6p som g\u00f6rs f\u00f6r f\u00f6retags- eller n\u00e4ringsverksamhet. Detta omfattar \u00e4ven till exempel ink\u00f6p f\u00f6r vilka kund\u00e4garen erh\u00e5ller ers\u00e4ttning fr\u00e5n arbetsgivaren, f\u00f6retaget, sjukf\u00f6rs\u00e4kringskassan och\/eller f\u00f6rs\u00e4kringskassan.<\/li>\n<li>Bonus betalas inte heller f\u00f6r delbetalningar n\u00e4r kund\u00e4garens k\u00f6p eller en del av k\u00f6pet g\u00f6rs av arbetsgivaren, f\u00f6retaget, sjukf\u00f6rs\u00e4kringskassan och\/eller f\u00f6rs\u00e4kringskassan och en del av kund\u00e4garen sj\u00e4lv.<\/li>\n<\/ul>\n<p>Bonus ackumuleras enligt bonustabellen som din andelshandel anv\u00e4nder. Mer information om andelshandlarnas bonustabeller och ackumulering av Bonus finns p\u00e5 adressen <a href=\"https:\/\/www.s-kanava.fi\/sv\/bonusen\/\">https:\/\/www.s-kanava.fi\/sv\/bonusen\/<\/a>.<\/p>\n<h2>Viktig information om digitala <span class=\"Y2IQFc\" lang=\"sv\">S-F\u00f6rm\u00e5nskort<\/span><\/h2>\n<p>S-F\u00f6rm\u00e5nskortet med streckkod som finns i S-mobil och S\u2011F\u00f6rm\u00e5nskort i Apple Pl\u00e5nbok kan inte anv\u00e4ndas hos Oral, s\u00e5 v\u00e4nligen kom ih\u00e5g att <strong>ta med dig ditt fysiska S-F\u00f6rm\u00e5nskort.<\/strong><\/p>\n<p>S-F\u00f6rm\u00e5nskortet med NFC-funktion som finns i S-mobil f\u00f6r Android-telefoner fungerar \u00e4ven hos Oral Hammasl\u00e4\u00e4k\u00e4rit.<br \/>\nMer information finns p\u00e5 <a href=\"https:\/\/www.s-kanava.fi\/sv\/samla-bonus\/s-formanskorten\/apple-planbok\/\">S-Groups webbplats.<\/a><\/p>\n","protected":false},"excerpt":{"rendered":"<p>Som kund\u00e4gare i S-gruppen f\u00e5r du bonus ocks\u00e5 p\u00e5 Oral Hammasl\u00e4\u00e4k\u00e4rits tj\u00e4nster och hemv\u00e5rdsprodukter n\u00e4r du betalar f\u00f6r dem i samband med ditt bes\u00f6k p\u00e5 v\u00e5ra enheter. L\u00e4s nedan n\u00e4r du f\u00e5r Bonus, n\u00e4r Bonus inte betalas och n\u00e4r du m\u00e5ste ha ditt fysiska S-F\u00f6rm\u00e5nskort med dig f\u00f6r att tj\u00e4na Bonus f\u00f6r dina bes\u00f6k hos &hellip; <a href=\"https:\/\/www.oral.fi\/sv\/information\/information-for-kunder\/bonus-pa-tandvard-med-s-formanskortet\/\">Continued<\/a><\/p>\n","protected":false},"author":8,"featured_media":232322,"parent":6873,"menu_order":-110,"comment_status":"closed","ping_status":"closed","template":"","meta":{"_acf_changed":false,"footnotes":""},"class_list":["post-7784","page","type-page","status-publish","has-post-thumbnail","hentry"],"acf":[],"_links":{"self":[{"href":"https:\/\/www.oral.fi\/sv\/wp-json\/wp\/v2\/pages\/7784","targetHints":{"allow":["GET"]}}],"collection":[{"href":"https:\/\/www.oral.fi\/sv\/wp-json\/wp\/v2\/pages"}],"about":[{"href":"https:\/\/www.oral.fi\/sv\/wp-json\/wp\/v2\/types\/page"}],"author":[{"embeddable":true,"href":"https:\/\/www.oral.fi\/sv\/wp-json\/wp\/v2\/users\/8"}],"replies":[{"embeddable":true,"href":"https:\/\/www.oral.fi\/sv\/wp-json\/wp\/v2\/comments?post=7784"}],"version-history":[{"count":8,"href":"https:\/\/www.oral.fi\/sv\/wp-json\/wp\/v2\/pages\/7784\/revisions"}],"predecessor-version":[{"id":241105,"href":"https:\/\/www.oral.fi\/sv\/wp-json\/wp\/v2\/pages\/7784\/revisions\/241105"}],"up":[{"embeddable":true,"href":"https:\/\/www.oral.fi\/sv\/wp-json\/wp\/v2\/pages\/6873"}],"wp:featuredmedia":[{"embeddable":true,"href":"https:\/\/www.oral.fi\/sv\/wp-json\/wp\/v2\/media\/232322"}],"wp:attachment":[{"href":"https:\/\/www.oral.fi\/sv\/wp-json\/wp\/v2\/media?parent=7784"}],"curies":[{"name":"wp","href":"https:\/\/api.w.org\/{rel}","templated":true}]}}