{"id":7786,"date":"2017-12-18T14:11:45","date_gmt":"2017-12-18T14:11:45","guid":{"rendered":"https:\/\/oral.fi\/information\/information-for-kunder\/dataskydd\/"},"modified":"2026-01-07T12:26:43","modified_gmt":"2026-01-07T10:26:43","slug":"dataskydd","status":"publish","type":"page","link":"https:\/\/www.oral.fi\/sv\/information\/information-for-kunder\/dataskydd\/","title":{"rendered":"Dataskydd"},"content":{"rendered":"<p>Hos Oral f\u00f6rh\u00e5ller vi oss allvarligt till dataskyddet, eftersom f\u00f6rtroende och integritetsskydd \u00e4r en grundf\u00f6ruts\u00e4ttning f\u00f6r h\u00f6gklassig och trygg munh\u00e4lsov\u00e5rd. Vi har f\u00f6rbundit oss att f\u00f6lja varje g\u00e4llande lagstiftning om behandling av personuppgifter samt f\u00f6rordningar och direktiv fr\u00e5n beh\u00f6riga myndigheter.<\/p>\n<h2>Dataskyddsombud<\/h2>\n<p>Enligt EU:s allm\u00e4nna dataskyddsf\u00f6rordning (GDPR) ska Oral utn\u00e4mna ett dataskyddsombud. Dataskyddsombudets uppgift \u00e4r att f\u00f6lja iakttagandet av dataskyddslagstiftningen vid Oral och hj\u00e4lpa Oral uppfylla de skyldigheter som dataskyddet f\u00f6rpliktigar till. Dataskyddsombudet fungerar som kontaktpunkt f\u00f6r tillsynsmyndigheterna och som st\u00f6d f\u00f6r personal och registrerade i fr\u00e5gor om behandling av personuppgifter.\u00a0Chefsjurist Sanna Elomaa \u00e4r Orals dataskyddsombud (<a href=\"mailto:tietosuojavastaava@oral.fi\">tietosuojavastaava@oral.fi<\/a>).<\/p>\n<h2>Kryptering av personuppgifter<\/h2>\n<p>Dina uppgifter skyddas med TLS-kryptering. Transport Layer Security (TLS) \u00e4r en standard f\u00f6r trygg informations\u00f6verf\u00f6ring p\u00e5 internet. L\u00e5set i webbl\u00e4sarens adressf\u00e4lt visar d\u00e5 TLS-kryptering anv\u00e4nds.<\/p>\n<h2>Kakor<\/h2>\n<p>Bekanta dig med kakor och deras anv\u00e4ndning <a href=\"https:\/\/www.oral.fi\/sv\/kakor-cookies\/\">h\u00e4r><\/a><\/p>\n<h2>Dataskyddsbeskrivningar<\/h2>\n<p><a href=\"https:\/\/www.oral.fi\/sv\/oral-kundinformationsbeskrivning\/\">Orals kundinformationsbeskrivning<\/a><\/p>\n<p><a href=\"https:\/\/www.oral.fi\/sv\/dataskyddsbeskrivning-for-marknadsforingsregister\/\">Dataskyddsbeskrivning f\u00f6r marknadsf\u00f6ringsregister<\/a><\/p>\n<p><a href=\"https:\/\/www.oral.fi\/sv\/dataskyddsbeskrivning-for-foretagskund-och-beslutsfattarregistret\/\">Dataskyddsbeskrivning f\u00f6r f\u00f6retagskund- och beslutsfattarregistret<\/a><\/p>\n<h2>Anv\u00e4ndningsvillkor<\/h2>\n<p><a href=\"https:\/\/www.oral.fi\/omaoral-kayttoehdot\/\">MinOral-tj\u00e4nstens anv\u00e4ndarvillkor<\/a> (p\u00e5 finska)<\/p>\n<p>\u00a0<\/p>\n","protected":false},"excerpt":{"rendered":"<p>Hos Oral f\u00f6rh\u00e5ller vi oss allvarligt till dataskyddet, eftersom f\u00f6rtroende och integritetsskydd \u00e4r en grundf\u00f6ruts\u00e4ttning f\u00f6r h\u00f6gklassig och trygg munh\u00e4lsov\u00e5rd. Vi har f\u00f6rbundit oss att f\u00f6lja varje g\u00e4llande lagstiftning om behandling av personuppgifter samt f\u00f6rordningar och direktiv fr\u00e5n beh\u00f6riga myndigheter. Dataskyddsombud Enligt EU:s allm\u00e4nna dataskyddsf\u00f6rordning (GDPR) ska Oral utn\u00e4mna ett dataskyddsombud. Dataskyddsombudets uppgift \u00e4r att &hellip; <a href=\"https:\/\/www.oral.fi\/sv\/information\/information-for-kunder\/dataskydd\/\">Continued<\/a><\/p>\n","protected":false},"author":1,"featured_media":0,"parent":6873,"menu_order":0,"comment_status":"open","ping_status":"closed","template":"","meta":{"_acf_changed":false,"footnotes":""},"class_list":["post-7786","page","type-page","status-publish","hentry"],"acf":[],"_links":{"self":[{"href":"https:\/\/www.oral.fi\/sv\/wp-json\/wp\/v2\/pages\/7786","targetHints":{"allow":["GET"]}}],"collection":[{"href":"https:\/\/www.oral.fi\/sv\/wp-json\/wp\/v2\/pages"}],"about":[{"href":"https:\/\/www.oral.fi\/sv\/wp-json\/wp\/v2\/types\/page"}],"author":[{"embeddable":true,"href":"https:\/\/www.oral.fi\/sv\/wp-json\/wp\/v2\/users\/1"}],"replies":[{"embeddable":true,"href":"https:\/\/www.oral.fi\/sv\/wp-json\/wp\/v2\/comments?post=7786"}],"version-history":[{"count":11,"href":"https:\/\/www.oral.fi\/sv\/wp-json\/wp\/v2\/pages\/7786\/revisions"}],"predecessor-version":[{"id":241654,"href":"https:\/\/www.oral.fi\/sv\/wp-json\/wp\/v2\/pages\/7786\/revisions\/241654"}],"up":[{"embeddable":true,"href":"https:\/\/www.oral.fi\/sv\/wp-json\/wp\/v2\/pages\/6873"}],"wp:attachment":[{"href":"https:\/\/www.oral.fi\/sv\/wp-json\/wp\/v2\/media?parent=7786"}],"curies":[{"name":"wp","href":"https:\/\/api.w.org\/{rel}","templated":true}]}}