{"id":7791,"date":"2017-12-18T14:11:50","date_gmt":"2017-12-18T14:11:50","guid":{"rendered":"https:\/\/oral.fi\/information\/information-for-kunder\/oral-presentkort\/"},"modified":"2019-05-09T16:15:18","modified_gmt":"2019-05-09T13:15:18","slug":"oral-presentkort","status":"publish","type":"page","link":"https:\/\/www.oral.fi\/sv\/information\/information-for-kunder\/oral-presentkort\/","title":{"rendered":"Oral-presentkort"},"content":{"rendered":"<p>Med ett Oral-presentkort kan du ge bort en <a href=\"https:\/\/oral.fi\/suun-terveys\/hampaiden-ja-suun-terveys\/hampaiden-valkaisu\/\">tandblekning<\/a>, en <a href=\"https:\/\/oral.fi\/palvelut\/hampaiden-tarkastus\/\">unders\u00f6kning<\/a> eller varf\u00f6r inte ett <a href=\"https:\/\/oral.fi\/palvelut\/hammaskorun-kiinnitys\/\">tandsmycke<\/a>.<\/p>\n<p>N\u00e4r du k\u00f6per ett presentkort f\u00e5r du Bonus med ditt S-f\u00f6rm\u00e5nskort och din v\u00e4n eller familjemedlem f\u00e5r en vacker och frisk mun!<\/p>\n<p>Du kan k\u00f6pa ett Oral-presentkort med \u00f6nskat v\u00e4rde p\u00e5 n\u00e4rmaste Oral-verksamhetsst\u00e4lle.<\/p>\n","protected":false},"excerpt":{"rendered":"<p>Med ett Oral-presentkort kan du ge bort en tandblekning, en unders\u00f6kning eller varf\u00f6r inte ett tandsmycke. N\u00e4r du k\u00f6per ett presentkort f\u00e5r du Bonus med ditt S-f\u00f6rm\u00e5nskort och din v\u00e4n eller familjemedlem f\u00e5r en vacker och frisk mun! Du kan k\u00f6pa ett Oral-presentkort med \u00f6nskat v\u00e4rde p\u00e5 n\u00e4rmaste Oral-verksamhetsst\u00e4lle.<\/p>\n","protected":false},"author":25,"featured_media":240823,"parent":6873,"menu_order":-90,"comment_status":"closed","ping_status":"closed","template":"","meta":{"_acf_changed":false,"footnotes":""},"class_list":["post-7791","page","type-page","status-publish","has-post-thumbnail","hentry"],"acf":[],"_links":{"self":[{"href":"https:\/\/www.oral.fi\/sv\/wp-json\/wp\/v2\/pages\/7791","targetHints":{"allow":["GET"]}}],"collection":[{"href":"https:\/\/www.oral.fi\/sv\/wp-json\/wp\/v2\/pages"}],"about":[{"href":"https:\/\/www.oral.fi\/sv\/wp-json\/wp\/v2\/types\/page"}],"author":[{"embeddable":true,"href":"https:\/\/www.oral.fi\/sv\/wp-json\/wp\/v2\/users\/25"}],"replies":[{"embeddable":true,"href":"https:\/\/www.oral.fi\/sv\/wp-json\/wp\/v2\/comments?post=7791"}],"version-history":[{"count":2,"href":"https:\/\/www.oral.fi\/sv\/wp-json\/wp\/v2\/pages\/7791\/revisions"}],"predecessor-version":[{"id":219853,"href":"https:\/\/www.oral.fi\/sv\/wp-json\/wp\/v2\/pages\/7791\/revisions\/219853"}],"up":[{"embeddable":true,"href":"https:\/\/www.oral.fi\/sv\/wp-json\/wp\/v2\/pages\/6873"}],"wp:featuredmedia":[{"embeddable":true,"href":"https:\/\/www.oral.fi\/sv\/wp-json\/wp\/v2\/media\/240823"}],"wp:attachment":[{"href":"https:\/\/www.oral.fi\/sv\/wp-json\/wp\/v2\/media?parent=7791"}],"curies":[{"name":"wp","href":"https:\/\/api.w.org\/{rel}","templated":true}]}}