{"id":7795,"date":"2017-12-18T14:11:55","date_gmt":"2017-12-18T14:11:55","guid":{"rendered":"https:\/\/oral.fi\/information\/information-for-kunder\/oral-finansiering\/"},"modified":"2024-11-22T16:08:57","modified_gmt":"2024-11-22T14:08:57","slug":"oral-finansiering","status":"publish","type":"page","link":"https:\/\/www.oral.fi\/sv\/information\/information-for-kunder\/oral-finansiering\/","title":{"rendered":"Oral-finansiering"},"content":{"rendered":"<p>Du kan p\u00e5b\u00f6rja din behandling snabbt och enkelt med Oral-finansiering. Betala bekv\u00e4mt f\u00f6r behandlingen i delbetalningar som passar dig. Det b\u00e4sta \u00e4r att du kan f\u00e5 upp till 12 m\u00e5naders r\u00e4ntefri betalningstid.<\/p>\n<p>Det g\u00e5r snabbt och enkelt att ans\u00f6ka om finansiering. Du kan ans\u00f6ka om finansiering med hj\u00e4lp av den elektroniska ans\u00f6kan nedan, via sms eller p\u00e5 plats med hj\u00e4lp av v\u00e5r expertpersonal.<\/p>\n<p>L\u00e5ngivaren \u00e4r Resurs Bank AB Finlands filial.<\/p>\n<h4><strong>F\u00f6rdelarna med Oral-finansiering f\u00f6r dig:<\/strong><\/h4>\n<ul>\n<li>Du betalar inget n\u00e4r du g\u00f6r ett k\u00f6p. Fakturan f\u00f6r ditt k\u00f6p levereras hem till dig m\u00e5naden efter k\u00f6pm\u00e5naden, d\u00e5 du v\u00e4ljer det betalningsalternativ som passar dig b\u00e4st.<\/li>\n<li>Du f\u00e5r 30 till 60 dagars kostnadsfri betalningstid.<\/li>\n<li>Du f\u00e5r upp till 12 m\u00e5naders r\u00e4ntefri betalningstid.<\/li>\n<li>Du kan f\u00f6rdela ditt k\u00f6p \u00f6ver en l\u00e4ngre betalningsperiod och v\u00e4lja betalningsalternativ som passar dig.<\/li>\n<li>N\u00e4r du betalar med Oral-finansiering f\u00e5r du ocks\u00e5 en bonus med ditt S-F\u00f6rm\u00e5nskort.<\/li>\n<\/ul>\n<h3>Exempel ink\u00f6p:<\/h3>\n<p><strong>Ink\u00f6p av 1 500 euro, med ett betalningsalternativ p\u00e5 12 m\u00e5nader. Du betalar totalt 1 562 euro.<\/strong><br \/>\n\u00c5rlig r\u00e4nta: 0 %. Behandlingsavgift\/m\u00e5nad: 5,60 \u20ac. Faktisk \u00e5rlig r\u00e4nta: 4,01 %. Kreditkostnader: 61,60 \u20ac. Avbetalning\/m\u00e5nad: 130,60 \u20ac, 12 delbetalningar.<br \/>\nOral-finansiering \u00e4r en l\u00f6pande kredit, med en l\u00e4gsta kreditgr\u00e4ns p\u00e5 vanligtvis \u20ac1 500. Annan anv\u00e4ndning av krediten kan leda till en h\u00f6gre eller l\u00e4gre effektiv \u00e5rlig r\u00e4nta. Kreditgivare: Resurs Bank AB Finland filial.<\/p>\n<h3><strong>Ans\u00f6kan om Oral-finansiering<br \/>\n<\/strong><\/h3>\n<p>Fyll i blanketten f\u00f6r ans\u00f6kan om finansiering. Blanketten \u00e4r endast p\u00e5 finska.<\/p>\n<p><a class=\"mdc-button mdc-button--blue mdc-button--cta-button\" href=\"https:\/\/apponline.resurs.com\/form\/fi1050\" target=\"_blank\" rel=\"noopener\" data-mdc-auto-init=\"ripple\">\u00d6ppna finansieringsans\u00f6kan<\/a><\/p>\n<p>Du f\u00e5r omedelbart ett kreditbeslutet och tillg\u00e5ng till ditt konto n\u00e4r du har undertecknat kreditavtalet elektroniskt. D\u00e4refter kan du komma till oss f\u00f6r behandling. Ta med dig ditt identitetsbevis.<\/p>\n<p><em>Du kan ocks\u00e5 ans\u00f6ka om finansiering via sms. Skicka ett sms med ordet <strong>ORAL<\/strong> till nummer <strong>18311<\/strong>.<\/em><\/p>\n<p><em>Om du har fr\u00e5gor om ans\u00f6kan, finansieringsalternativ eller kontovillkoren kan du kontakta Resurs Bank kundtj\u00e4nst, tfn. 09 622 4308 (m\u00e5n-tors 8-16, fre 8-14).<\/em><\/p>\n","protected":false},"excerpt":{"rendered":"<p>Du kan p\u00e5b\u00f6rja din behandling snabbt och enkelt med Oral-finansiering. Betala bekv\u00e4mt f\u00f6r behandlingen i delbetalningar som passar dig. Det b\u00e4sta \u00e4r att du kan f\u00e5 upp till 12 m\u00e5naders r\u00e4ntefri betalningstid. Det g\u00e5r snabbt och enkelt att ans\u00f6ka om finansiering. Du kan ans\u00f6ka om finansiering med hj\u00e4lp av den elektroniska ans\u00f6kan nedan, via sms &hellip; <a href=\"https:\/\/www.oral.fi\/sv\/information\/information-for-kunder\/oral-finansiering\/\">Continued<\/a><\/p>\n","protected":false},"author":25,"featured_media":236654,"parent":6873,"menu_order":-120,"comment_status":"closed","ping_status":"closed","template":"","meta":{"_acf_changed":false,"footnotes":""},"class_list":["post-7795","page","type-page","status-publish","has-post-thumbnail","hentry"],"acf":[],"_links":{"self":[{"href":"https:\/\/www.oral.fi\/sv\/wp-json\/wp\/v2\/pages\/7795","targetHints":{"allow":["GET"]}}],"collection":[{"href":"https:\/\/www.oral.fi\/sv\/wp-json\/wp\/v2\/pages"}],"about":[{"href":"https:\/\/www.oral.fi\/sv\/wp-json\/wp\/v2\/types\/page"}],"author":[{"embeddable":true,"href":"https:\/\/www.oral.fi\/sv\/wp-json\/wp\/v2\/users\/25"}],"replies":[{"embeddable":true,"href":"https:\/\/www.oral.fi\/sv\/wp-json\/wp\/v2\/comments?post=7795"}],"version-history":[{"count":11,"href":"https:\/\/www.oral.fi\/sv\/wp-json\/wp\/v2\/pages\/7795\/revisions"}],"predecessor-version":[{"id":238104,"href":"https:\/\/www.oral.fi\/sv\/wp-json\/wp\/v2\/pages\/7795\/revisions\/238104"}],"up":[{"embeddable":true,"href":"https:\/\/www.oral.fi\/sv\/wp-json\/wp\/v2\/pages\/6873"}],"wp:featuredmedia":[{"embeddable":true,"href":"https:\/\/www.oral.fi\/sv\/wp-json\/wp\/v2\/media\/236654"}],"wp:attachment":[{"href":"https:\/\/www.oral.fi\/sv\/wp-json\/wp\/v2\/media?parent=7795"}],"curies":[{"name":"wp","href":"https:\/\/api.w.org\/{rel}","templated":true}]}}