{"id":97291,"date":"2018-06-15T10:32:12","date_gmt":"2018-06-15T07:32:12","guid":{"rendered":"https:\/\/www.oral.fi\/kakor-cookies\/"},"modified":"2024-04-11T20:55:18","modified_gmt":"2024-04-11T17:55:18","slug":"kakor-cookies","status":"publish","type":"page","link":"https:\/\/www.oral.fi\/sv\/information\/information-for-kunder\/dataskydd\/kakor-cookies\/","title":{"rendered":"Kakor (cookies)"},"content":{"rendered":"<h3>Anv\u00e4ndning av kakor<\/h3>\n<p>V\u00e5r webbplats anv\u00e4nder kakor (cookies). Med hj\u00e4lp av kakor samlar vi in information om anv\u00e4ndningen av webbplatsen f\u00f6r att kunna genomf\u00f6ra och utveckla tj\u00e4nsterna och webbplatsen, f\u00f6r att f\u00f6rb\u00e4ttra din anv\u00e4ndarupplevelse samt f\u00f6r att rikta marknadsf\u00f6ring.<\/p>\n<h3>Vad \u00e4r kakor?<\/h3>\n<p>En kaka \u00e4r en liten textfil som sparas i anv\u00e4ndarens dator eller annan enhet och som g\u00f6r det m\u00f6jligt f\u00f6r oss att f\u00f6lja upp bes\u00f6ken p\u00e5 v\u00e5r webbplats. Kakorna skadar inte anv\u00e4ndarens enhet eller filer. De kan inte anv\u00e4ndas f\u00f6r att sprida virus eller f\u00f6r att f\u00e5 tillg\u00e5ng till filerna p\u00e5 anv\u00e4ndarens h\u00e5rddisk. Kakorna g\u00f6r det enklare f\u00f6r anv\u00e4ndaren att anv\u00e4nda v\u00e5ra tj\u00e4nster, och inneh\u00e5llet och marknadsf\u00f6ringen \u00e4r mer \u00e4ndam\u00e5lsenliga och personligt anpassade.<\/p>\n<h3>Varf\u00f6r anv\u00e4nder vi kakor?<\/h3>\n<p>Med hj\u00e4lp av kakor samlar vi in information om hur du anv\u00e4nder v\u00e5r webbplats (till exempel bes\u00f6kets l\u00e4ngd och tidpunkt samt vilka s\u00f6kord och vilken s\u00f6kmotor du anv\u00e4nt f\u00f6r att komma till webbplatsen), vilka sidor du bes\u00f6ker (till exempel fr\u00e5n vilken webbplats du kommit till Orals webbplats och vilka av Orals sidor du bes\u00f6ker) samt vilken dator eller enhet du anv\u00e4nder (tekniska uppgifter s\u00e5som IP-adress, fysisk plats, webbl\u00e4sarens typ, version och spr\u00e5k, enhetens typ, operator, sk\u00e4rmuppl\u00f6sning, typ av operativsystem samt eventuellt Java-st\u00f6d i webbl\u00e4saren).<\/p>\n<p>Du kan inte identifieras med hj\u00e4lp av enbart kakor, men de uppgifter som i andra sammanhang f\u00e5tts av dig kan kopplas ihop med de uppgifter som samlats in med hj\u00e4lp av kakor. Om du till exempel har angett din e-postadress p\u00e5 v\u00e5r webbplats i samband med att du bokat tid eller prenumererat p\u00e5 v\u00e5rt nyhetsbrev, kan vi kombinera uppgifterna om olika enheter och webbl\u00e4sare. D\u00e5 samlas uppgifterna in och behandlas p\u00e5 det s\u00e4tt som anges i <a href=\"https:\/\/www.oral.fi\/sv\/oral-kundinformationsbeskrivning\/\">Orals kundinformationsbeskrivning<\/a>.<\/p>\n<h3>Vilka kakor anv\u00e4nder vi?<\/h3>\n<p>Oral kan antingen sj\u00e4lv samla in uppgifter eller l\u00e5ta olika tj\u00e4nsteleverant\u00f6rer g\u00f6ra det. Vi anv\u00e4nder bland annat Google Analytics, Hotjar och Visual Website Optimizer p\u00e5 v\u00e5r webbplats. Dessa applikationer anv\u00e4nder kakor, med hj\u00e4lp av vilka man kan g\u00f6ra upp statistik \u00f6ver anv\u00e4ndningen av webbplatsen samt analysera och visualisera anv\u00e4ndningen. Kakorna samlar endast in anonyma data om trafiken i webbtj\u00e4nsten, och dessa data kopplas inte till enskilda personer. Du kan f\u00f6rhindra uppf\u00f6ljningen med <a href=\"https:\/\/support.google.com\/analytics\/answer\/181881?hl=fi\">Google Analytics<\/a>, <a href=\"https:\/\/www.hotjar.com\/legal\/compliance\/opt-out\">Hotjars<\/a> eller <a href=\"https:\/\/vwo.com\/opt-out\/\">Visual Website Optimizers<\/a> opt-out-funktion.<\/p>\n<p>Oral anv\u00e4nder den insamlade informationen \u00e4ven f\u00f6r att producera inneh\u00e5ll och annonser som anpassats efter anv\u00e4ndarens webbl\u00e4sare. Oral kan anv\u00e4nda webbl\u00e4sarinformationen f\u00f6r att skapa m\u00e5lgrupper och visa dessa grupper inneh\u00e5ll och annonser som kan f\u00f6rv\u00e4ntas intressera dem. I detta syfte samarbetar Oral med bland annat Adform, Google Adwords, Fonecta, Facebook och LinkedIn. Om du inte vill att annonserna ska anpassas efter dina intresseomr\u00e5den, kan du via webbplatsen <a href=\"http:\/\/www.youronlinechoices.com\/fi\/omat-mainokset\">YourOnlineChoices<\/a> antingen helt f\u00f6rbjuda detta eller f\u00f6rhindra att vissa f\u00f6retag anpassar sin marknadsf\u00f6ring.<\/p>\n<p>V\u00e5r webbplats anv\u00e4nder \u00e4ven kakor som med tanke p\u00e5 anv\u00e4ndningen och den tekniska funktionen av v\u00e5r webbplats \u00e4r n\u00f6dv\u00e4ndiga. Dessa kakor samlar inte in information om anv\u00e4ndaren som kunde utnyttjas vid marknadsf\u00f6ring eller anv\u00e4ndas f\u00f6r att ta reda p\u00e5 vilka sidor anv\u00e4ndaren bes\u00f6kt. V\u00e5r webbplats har \u00e4ven funktionella kakor, vars uppgift \u00e4r att underl\u00e4tta anv\u00e4ndningen av webbplatsen. Med hj\u00e4lp av dessa kakor kommer v\u00e5r webbplats ih\u00e5g dina val (s\u00e5som spr\u00e5ket).<\/p>\n<p>V\u00e5r webbplats anv\u00e4nder s.k. sociala insticksprogram, s\u00e5som Facebooks Gilla-knapp, vars inneh\u00e5ll kommer direkt fr\u00e5n Facebook. Facebook, Google, Twitter och andra motsvarande tj\u00e4nster kan samla in information om anv\u00e4ndarens bes\u00f6k i enlighet med sina g\u00e4llande villkor. Oral ansvarar inte f\u00f6r de material som dessa tredje parters webbplatser inneh\u00e5ller eller f\u00f6r anv\u00e4ndningen av materialen.<\/p>\n<h3>Blockera kakor<\/h3>\n<p>Om du vill kan du f\u00f6rhindra anv\u00e4ndningen av kakor genom att \u00e4ndra din webbl\u00e4sares inst\u00e4llningar s\u00e5 att den inte till\u00e5ter kakor. Du kan s\u00f6ka efter n\u00e4rmare instruktioner till exempel p\u00e5 din webbl\u00e4sares hj\u00e4lpsida. Om du f\u00f6rhindrar att kakor sparas eller blockerar dem, \u00e4r det m\u00f6jligt att vissa funktioner p\u00e5 v\u00e5r webbplats inte fungerar. Du kan blockera tredjepartskakorna till exempel via webbplatsen <a href=\"http:\/\/www.youronlinechoices.com\/fi\/omat-mainokset\">YourOnlineChoices<\/a>. D\u00e5 till\u00e5ter webbl\u00e4saren endast de kakor som kommer direkt fr\u00e5n den webbtj\u00e4nst som du anv\u00e4nder.<\/p>\n<p>Du kan ta bort kakorna i webbl\u00e4sarens inst\u00e4llningar. D\u00e5 avl\u00e4gsnas den ID-str\u00e4ng som placerats i webbl\u00e4saren samt de uppgifter om internetbeteende som grundar sig p\u00e5 denna. Detta f\u00f6rhindrar inte att nya kakor sparas i webbl\u00e4saren.<\/p>\n","protected":false},"excerpt":{"rendered":"<p>Anv\u00e4ndning av kakor V\u00e5r webbplats anv\u00e4nder kakor (cookies). Med hj\u00e4lp av kakor samlar vi in information om anv\u00e4ndningen av webbplatsen f\u00f6r att kunna genomf\u00f6ra och utveckla tj\u00e4nsterna och webbplatsen, f\u00f6r att f\u00f6rb\u00e4ttra din anv\u00e4ndarupplevelse samt f\u00f6r att rikta marknadsf\u00f6ring. Vad \u00e4r kakor? En kaka \u00e4r en liten textfil som sparas i anv\u00e4ndarens dator eller annan &hellip; <a href=\"https:\/\/www.oral.fi\/sv\/information\/information-for-kunder\/dataskydd\/kakor-cookies\/\">Continued<\/a><\/p>\n","protected":false},"author":25,"featured_media":0,"parent":7786,"menu_order":0,"comment_status":"closed","ping_status":"closed","template":"","meta":{"_acf_changed":false,"footnotes":""},"class_list":["post-97291","page","type-page","status-publish","hentry"],"acf":[],"_links":{"self":[{"href":"https:\/\/www.oral.fi\/sv\/wp-json\/wp\/v2\/pages\/97291","targetHints":{"allow":["GET"]}}],"collection":[{"href":"https:\/\/www.oral.fi\/sv\/wp-json\/wp\/v2\/pages"}],"about":[{"href":"https:\/\/www.oral.fi\/sv\/wp-json\/wp\/v2\/types\/page"}],"author":[{"embeddable":true,"href":"https:\/\/www.oral.fi\/sv\/wp-json\/wp\/v2\/users\/25"}],"replies":[{"embeddable":true,"href":"https:\/\/www.oral.fi\/sv\/wp-json\/wp\/v2\/comments?post=97291"}],"version-history":[{"count":1,"href":"https:\/\/www.oral.fi\/sv\/wp-json\/wp\/v2\/pages\/97291\/revisions"}],"predecessor-version":[{"id":236677,"href":"https:\/\/www.oral.fi\/sv\/wp-json\/wp\/v2\/pages\/97291\/revisions\/236677"}],"up":[{"embeddable":true,"href":"https:\/\/www.oral.fi\/sv\/wp-json\/wp\/v2\/pages\/7786"}],"wp:attachment":[{"href":"https:\/\/www.oral.fi\/sv\/wp-json\/wp\/v2\/media?parent=97291"}],"curies":[{"name":"wp","href":"https:\/\/api.w.org\/{rel}","templated":true}]}}