{"id":9943,"date":"2017-12-22T13:32:39","date_gmt":"2017-12-22T13:32:39","guid":{"rendered":"http:\/\/www.oral.fi\/oral-for-yrkesutovare\/"},"modified":"2017-12-22T13:32:39","modified_gmt":"2017-12-22T13:32:39","slug":"oral-for-yrkesutovare","status":"publish","type":"page","link":"https:\/\/www.oral.fi\/sv\/oral-som-arbetsgivare\/oral-for-yrkesutovare\/","title":{"rendered":"Oral f\u00f6r yrkesut\u00f6vare"},"content":{"rendered":"<p>Oral Hammasl\u00e4\u00e4k\u00e4rit Oyj:s verkst\u00e4llande direkt\u00f6r Martin Forss, allm\u00e4ntandl\u00e4kare Kimmo Lahikainen och munhygienist Varpu Waitinen p\u00e5 Oral Skillnaden ber\u00e4ttar om arbetet p\u00e5 Oral. Titta p\u00e5 v\u00e5r video: <\/p>\n<p><iframe loading=\"lazy\" src=\"https:\/\/www.youtube.com\/embed\/VyIWnkV1V44\" width=\"560\" height=\"315\" frameborder=\"0\" allowfullscreen=\"allowfullscreen\"><\/iframe> <\/p>\n<p>\u00a0 <\/p>\n<p>Tandl\u00e4kare som av Valvira har beviljats r\u00e4tt att sj\u00e4lvst\u00e4ndigt ut\u00f6va l\u00e4karyrket kan arbeta p\u00e5 Oral som sj\u00e4lvst\u00e4ndiga yrkesut\u00f6vare eller genom f\u00f6retaget. Avtalet om inledande av verksamheten g\u00f6rs skriftligen. <\/p>\n<p>Vi erbjuder yrkesut\u00f6vare m\u00e5ngsidiga administrativa st\u00f6dtj\u00e4nster, s\u00e5 att tandl\u00e4karen sj\u00e4lv kan fokusera p\u00e5 det kliniska patientarbetet. V\u00e5ra professionella st\u00f6dtj\u00e4nster hj\u00e4lper till med marknadsf\u00f6ring, utveckling av aff\u00e4rsverksamheten, ekonomifr\u00e5gor, IT-fr\u00e5gor samt olika tillst\u00e5nds- och avtalsfr\u00e5gor. Vi skaffar h\u00f6gklassig och l\u00e4mplig utrustning f\u00f6r tandl\u00e4karnas och den \u00f6vriga personalens bruk och s\u00e4kerst\u00e4ller att tandl\u00e4karna har hj\u00e4lp av kompetent v\u00e5rdpersonal. <\/p>\n<p>Den stadiga str\u00f6mmen av patienter, den konkurrenskraftiga prisniv\u00e5n och m\u00f6jligheten att fokusera p\u00e5 den egna kompetensen \u00e4r faktorer som de tandl\u00e4kare som arbetar som yrkesut\u00f6vare hos oss uppskattar. V\u00e5rt samarbete med S-gruppen ger f\u00f6rm\u00e5ner som v\u00e5ra kunder bevisligen uppskattar. <\/p>\n<p>F\u00f6r att inleda verksamhet som yrkesut\u00f6vare kr\u00e4vs en etableringsanm\u00e4lan till skattef\u00f6rvaltningens och Patent- och registerstyrelsens (PHR) gemensamma datasystem, F\u00f6retags- och organisationsdatasystemet (YTJ). P\u00e5 basis av anm\u00e4lan registreras yrkesut\u00f6varen i f\u00f6rskottsuppb\u00f6rdsregistret och f\u00e5r ett personligt FO-nummer. Instruktioner och blanketter finns p\u00e5 F\u00f6retags- och organisationsdatasystemets webbplats. <\/p>\n<p>Yrkespersoner inom h\u00e4lso- och sjukv\u00e5rden ska g\u00f6ra en skriftlig anm\u00e4lan om yrkesut\u00f6vningen till regionf\u00f6rvaltningsverket innan den inleds. Anm\u00e4lan g\u00f6rs till det regionf\u00f6rvaltningsverk p\u00e5 vars omr\u00e5de tj\u00e4nsterna huvudsakligen tillhandah\u00e5lls. Om mottagningsverksamheten ut\u00f6vas via ett f\u00f6retag ska f\u00f6retaget i fr\u00e5ga ha regionf\u00f6rvaltningsverkets tillst\u00e5nd att producera h\u00e4lso- och sjukv\u00e5rdstj\u00e4nster. Tillst\u00e5nd s\u00f6ks hos det regionf\u00f6rvaltningsverk p\u00e5 vars omr\u00e5de tj\u00e4nsterna huvudsakligen tillhandah\u00e5lls. <\/p>\n<p>Enligt patientskadelagen ska alla akt\u00f6rer som ut\u00f6var h\u00e4lso- och sjukv\u00e5rdsverksamhet ha en f\u00f6rs\u00e4kring som t\u00e4cker deras ansvar enligt patientskadelagen. Om en tandl\u00e4kare ut\u00f6var sin verksamhet genom ett f\u00f6retag ska \u00e4ven patientf\u00f6rs\u00e4kringen vara i f\u00f6retagets namn. Patientf\u00f6rs\u00e4kringar erbjuds av f\u00f6rs\u00e4kringsbolag. <\/p>\n<p>S\u00e5v\u00e4l tandl\u00e4kare som verkar genom personbolag som tandl\u00e4kare som verkar som sj\u00e4lvst\u00e4ndiga yrkesut\u00f6vare i huvud- eller bisyssla omfattas av f\u00f6retagarpensionslagen (F\u00f6PL). F\u00f6PL-f\u00f6rs\u00e4kringen \u00e4r obligatorisk n\u00e4r f\u00f6retagaren uppfyller villkoren f\u00f6r att omfattas av pensionslagen. F\u00f6rs\u00e4kringen \u00e4r personlig och f\u00f6rs\u00e4kringsavgifterna fastst\u00e4lls utg\u00e5ende fr\u00e5n den f\u00f6rs\u00e4krades arbetsinkomst. En pensionsf\u00f6rs\u00e4kring tryggar f\u00f6retagarens utkomst n\u00e4r f\u00f6retagsverksamheten upph\u00f6r p\u00e5 grund av arbetsof\u00f6rm\u00e5ga, arbetsl\u00f6shet eller \u00e5lder. Om f\u00f6retagaren avlider omfattas de anh\u00f6riga av ett familjepensionsskydd. Under vissa f\u00f6ruts\u00e4ttningar har f\u00f6retagaren ocks\u00e5 m\u00f6jlighet till deltidspension. <\/p>\n<p>F\u00f6rs\u00e4kringen tecknas hos ett pensionsf\u00f6rs\u00e4kringsbolag eller en pensionskassa som har hand om f\u00f6retagarpensioner inom branschen inom sex m\u00e5nader efter att f\u00f6retagsverksamheten har inletts. Mer information finns i tj\u00e4nsten Arbetspension.fi. Social- och h\u00e4lsov\u00e5rdsministeriet bekr\u00e4ftar avgiften \u00e5rligen. Nya f\u00f6retagare f\u00e5r rabatt p\u00e5 avgiften. F\u00f6rs\u00e4kringsavgiften kan ocks\u00e5 betalas till pensionsf\u00f6rs\u00e4kringsbolaget eller pensionskassan i mer \u00e4n en rat. F\u00f6rs\u00e4kringsbolagen kan ge information om andra n\u00f6dv\u00e4ndiga f\u00f6rs\u00e4kringar. <\/p>\n<p>En yrkesut\u00f6vare registreras i F\u00f6retags- och organisationsdatasystemet med etableringsanm\u00e4lningsblanketten Y3. S\u00e4rskilda anvisningar f\u00f6r anm\u00e4lan till f\u00f6rskottsuppb\u00f6rdsregistret finns i anvisningarna f\u00f6r ifyllande av blanketten (se punkten Etableringsanm\u00e4lan ovan). En tandl\u00e4kare som arbetar som sj\u00e4lvst\u00e4ndig yrkesut\u00f6vare \u00e4r enligt momslagen befriad fr\u00e5n momsskyldighet.<\/p>\n","protected":false},"excerpt":{"rendered":"<p>Oral Hammasl\u00e4\u00e4k\u00e4rit Oyj:s verkst\u00e4llande direkt\u00f6r Martin Forss, allm\u00e4ntandl\u00e4kare Kimmo Lahikainen och munhygienist Varpu Waitinen p\u00e5 Oral Skillnaden ber\u00e4ttar om arbetet p\u00e5 Oral. Titta p\u00e5 v\u00e5r video: \u00a0 Tandl\u00e4kare som av Valvira har beviljats r\u00e4tt att sj\u00e4lvst\u00e4ndigt ut\u00f6va l\u00e4karyrket kan arbeta p\u00e5 Oral som sj\u00e4lvst\u00e4ndiga yrkesut\u00f6vare eller genom f\u00f6retaget. Avtalet om inledande av verksamheten g\u00f6rs skriftligen. &hellip; <a href=\"https:\/\/www.oral.fi\/sv\/oral-som-arbetsgivare\/oral-for-yrkesutovare\/\">Continued<\/a><\/p>\n","protected":false},"author":8,"featured_media":0,"parent":9965,"menu_order":0,"comment_status":"closed","ping_status":"closed","template":"","meta":{"_acf_changed":false,"footnotes":""},"class_list":["post-9943","page","type-page","status-publish","hentry"],"acf":[],"_links":{"self":[{"href":"https:\/\/www.oral.fi\/sv\/wp-json\/wp\/v2\/pages\/9943","targetHints":{"allow":["GET"]}}],"collection":[{"href":"https:\/\/www.oral.fi\/sv\/wp-json\/wp\/v2\/pages"}],"about":[{"href":"https:\/\/www.oral.fi\/sv\/wp-json\/wp\/v2\/types\/page"}],"author":[{"embeddable":true,"href":"https:\/\/www.oral.fi\/sv\/wp-json\/wp\/v2\/users\/8"}],"replies":[{"embeddable":true,"href":"https:\/\/www.oral.fi\/sv\/wp-json\/wp\/v2\/comments?post=9943"}],"version-history":[{"count":0,"href":"https:\/\/www.oral.fi\/sv\/wp-json\/wp\/v2\/pages\/9943\/revisions"}],"up":[{"embeddable":true,"href":"https:\/\/www.oral.fi\/sv\/wp-json\/wp\/v2\/pages\/9965"}],"wp:attachment":[{"href":"https:\/\/www.oral.fi\/sv\/wp-json\/wp\/v2\/media?parent=9943"}],"curies":[{"name":"wp","href":"https:\/\/api.w.org\/{rel}","templated":true}]}}