{"id":9967,"date":"2017-12-22T13:33:31","date_gmt":"2017-12-22T13:33:31","guid":{"rendered":"http:\/\/www.oral.fi\/information\/oral-som-foretag\/om-oral\/"},"modified":"2025-10-31T09:17:18","modified_gmt":"2025-10-31T07:17:18","slug":"om-oral","status":"publish","type":"page","link":"https:\/\/www.oral.fi\/sv\/information\/oral-som-foretag\/om-oral\/","title":{"rendered":"Om Oral Hammasl\u00e4\u00e4k\u00e4rit"},"content":{"rendered":"<h2><strong>H\u00f6gklassig och helhetsinriktad tandv\u00e5rd<\/strong><\/h2>\n<p>Oral Hammasl\u00e4\u00e4k\u00e4rit \u00e4r Finlands mest k\u00e4nda och uppskattade tandh\u00e4lsov\u00e5rdsf\u00f6retag (Innolink Research 2019). Vi vill erbjuda dig b\u00e4sta m\u00f6jliga v\u00e5rd. D\u00e4rf\u00f6r erbjuder vi dig alla munh\u00e4lsov\u00e5rdstj\u00e4nster p\u00e5 ett och samma st\u00e4lle, enkelt och snabbt:<\/p>\n<ul>\n<li><strong>Allm\u00e4n tandv\u00e5rd<\/strong><\/li>\n<li><strong>Specialtandv\u00e5rd<\/strong><\/li>\n<li><strong>Munhygienisttj\u00e4nster<\/strong><\/li>\n<li><strong>Orals tandlaboratoriers tj\u00e4nster och tandtekniska produkter<\/strong><\/li>\n<\/ul>\n<p>Hos oss betj\u00e4nas du alltid individuellt och skonsamt av v\u00e5ra kunniga experter, som anv\u00e4nder sig av branschens senaste teknik. Diagnoser st\u00e4lls alltid p\u00e5 grundval av en klinisk unders\u00f6kning och en h\u00f6gklassig r\u00f6ntgenbild.<\/p>\n<p><img loading=\"lazy\" decoding=\"async\" class=\"alignnone wp-image-240962 size-full\" src=\"https:\/\/www.oral.fi\/app\/uploads\/2025\/10\/Infopallurat_10_2025-SV.jpg\" alt=\"\" width=\"600\" height=\"150\" srcset=\"https:\/\/www.oral.fi\/app\/uploads\/2025\/10\/Infopallurat_10_2025-SV.jpg 600w, https:\/\/www.oral.fi\/app\/uploads\/2025\/10\/Infopallurat_10_2025-SV-300x75.jpg 300w, https:\/\/www.oral.fi\/app\/uploads\/2025\/10\/Infopallurat_10_2025-SV-585x146.jpg 585w, https:\/\/www.oral.fi\/app\/uploads\/2025\/10\/Infopallurat_10_2025-SV-470x118.jpg 470w\" sizes=\"auto, (max-width: 600px) 100vw, 600px\" \/><\/p>\n<p>\u00a0<\/p>\n<h2 id=\"en-del-av-colosseum-dental-group\" class=\"wp-block-heading\">Oral \u00e4r en del av Colosseum Dental Group<\/h2>\n<p>V\u00e5r majoritets\u00e4gare \u00e4r Jacobs Holding AG, en del av Jacobs Capital \u2013 ett globalt investmentbolag med s\u00e4te i Z\u00fcrich, Schweiz, och London, Storbritannien. Familjen Jacobs har l\u00e4nge engagerat sig i initiativ som f\u00f6rb\u00e4ttrar m\u00e4nniskors liv. Med den traditionen som grund investerar Jacobs Capital i f\u00f6retag som g\u00f6r verklig skillnad f\u00f6r de samh\u00e4llen de verkar i.<\/p>\n<p>Vi delar denna passion f\u00f6r att f\u00f6rb\u00e4ttra h\u00e4lsa och v\u00e4lm\u00e5ende. Tillsammans med v\u00e5ra \u00e4gare fokuserar vi p\u00e5 att erbjuda tandv\u00e5rd av h\u00f6gsta kvalitet, st\u00f6dja v\u00e5ra medarbetare och skapa positiva upplevelser f\u00f6r varje patient som kliver in genom v\u00e5ra d\u00f6rrar.<\/p>\n<p>L\u00e4s mer om\u00a0<a href=\"http:\/\/www.colosseumdental.com\/\">Colosseum Dental Group.<\/a><\/p>\n","protected":false},"excerpt":{"rendered":"<p>H\u00f6gklassig och helhetsinriktad tandv\u00e5rd Oral Hammasl\u00e4\u00e4k\u00e4rit \u00e4r Finlands mest k\u00e4nda och uppskattade tandh\u00e4lsov\u00e5rdsf\u00f6retag (Innolink Research 2019). Vi vill erbjuda dig b\u00e4sta m\u00f6jliga v\u00e5rd. D\u00e4rf\u00f6r erbjuder vi dig alla munh\u00e4lsov\u00e5rdstj\u00e4nster p\u00e5 ett och samma st\u00e4lle, enkelt och snabbt: Allm\u00e4n tandv\u00e5rd Specialtandv\u00e5rd Munhygienisttj\u00e4nster Orals tandlaboratoriers tj\u00e4nster och tandtekniska produkter Hos oss betj\u00e4nas du alltid individuellt och skonsamt &hellip; <a href=\"https:\/\/www.oral.fi\/sv\/information\/oral-som-foretag\/om-oral\/\">Continued<\/a><\/p>\n","protected":false},"author":25,"featured_media":233225,"parent":6871,"menu_order":-60,"comment_status":"closed","ping_status":"closed","template":"","meta":{"_acf_changed":false,"footnotes":""},"class_list":["post-9967","page","type-page","status-publish","has-post-thumbnail","hentry"],"acf":[],"_links":{"self":[{"href":"https:\/\/www.oral.fi\/sv\/wp-json\/wp\/v2\/pages\/9967","targetHints":{"allow":["GET"]}}],"collection":[{"href":"https:\/\/www.oral.fi\/sv\/wp-json\/wp\/v2\/pages"}],"about":[{"href":"https:\/\/www.oral.fi\/sv\/wp-json\/wp\/v2\/types\/page"}],"author":[{"embeddable":true,"href":"https:\/\/www.oral.fi\/sv\/wp-json\/wp\/v2\/users\/25"}],"replies":[{"embeddable":true,"href":"https:\/\/www.oral.fi\/sv\/wp-json\/wp\/v2\/comments?post=9967"}],"version-history":[{"count":22,"href":"https:\/\/www.oral.fi\/sv\/wp-json\/wp\/v2\/pages\/9967\/revisions"}],"predecessor-version":[{"id":240965,"href":"https:\/\/www.oral.fi\/sv\/wp-json\/wp\/v2\/pages\/9967\/revisions\/240965"}],"up":[{"embeddable":true,"href":"https:\/\/www.oral.fi\/sv\/wp-json\/wp\/v2\/pages\/6871"}],"wp:featuredmedia":[{"embeddable":true,"href":"https:\/\/www.oral.fi\/sv\/wp-json\/wp\/v2\/media\/233225"}],"wp:attachment":[{"href":"https:\/\/www.oral.fi\/sv\/wp-json\/wp\/v2\/media?parent=9967"}],"curies":[{"name":"wp","href":"https:\/\/api.w.org\/{rel}","templated":true}]}}